{"id":8,"date":"2019-09-23T09:54:32","date_gmt":"2019-09-23T09:54:32","guid":{"rendered":"http:\/\/renlundens.se\/?page_id=8"},"modified":"2019-09-23T09:54:32","modified_gmt":"2019-09-23T09:54:32","slug":"var-policy","status":"publish","type":"page","link":"https:\/\/renlundens.se\/?page_id=8","title":{"rendered":"V\u00e5r policy"},"content":{"rendered":"\n<p>Den svenska lapphunden \u00e4r en urgammal ras och anses vara Sveriges nationalras nr. 1. Den \u00e4r en trevlig s\u00e4llskapshund f\u00f6r de som gillar att r\u00f6ra p\u00e5 sig, g\u00e4rna i skog och mark.&nbsp;Den \u00e4r frisk och sund och har kvar de naturliga beteendena. Den svenska lapphunden \u00e4r en ganska stark och envis personlighet och beh\u00f6ver d\u00e4rf\u00f6r en konsekvent fostran f\u00f6r att bli en trevlig familjemedlem. Jag rekommenderar alltid mina valpk\u00f6pare att g\u00e5 kurser med valpen\/unghunden s\u00e5 att goda beteenden grundl\u00e4ggs tidigt.<\/p>\n\n\n\n<p>Jag \u00e4r noggrann med att f\u00f6lja upp alla valpkullar, d\u00e4rf\u00f6r blir det bara en-tv\u00e5 valpkullar per \u00e5r. H\u00e4lsokravet f\u00f6r svensk lapphund \u00e4r att f\u00f6r\u00e4ldrarna till blivande valpar \u00e4r hd-r\u00f6ntgade. Annars finns inga h\u00e4lsokrav f\u00f6r denna friska ras. F\u00f6r att f\u00e5 en \u00f6verblick \u00f6ver hd-statusen p\u00e5 avkommor fr\u00e5n Renlundens kennel s\u00e5 har vi tillsammans med valpk\u00f6paren \u00f6verenskommit att hunden ska r\u00f6ntgas vid 1-2 \u00e5rs \u00e5lder, p\u00e5 det s\u00e4ttet har n\u00e4stan alla individer fr\u00e5n v\u00e5r kennel blivit r\u00f6ntgade de senaste 10 \u00e5ren och vi kan skryta med mycket bra resultat, v\u00e4ldigt f\u00e5 hundar har n\u00e5gon anm\u00e4rkning p\u00e5 h\u00f6fterna.<\/p>\n\n\n\n<p>Detta med r\u00f6ntgen \u00e4r ett av delm\u00e5len f\u00f6r Renlundens kennel. Att jobba f\u00f6r rasen som helhet, f\u00f6rb\u00e4ttra den och se l\u00e4ngre \u00e4n min egen uppf\u00f6dning \u00e4r oerh\u00f6rt viktigt f\u00f6r mig. Den stora ledstj\u00e4rnan \u00e4r att f\u00e5 en st\u00f6rre genpol s\u00e5 d\u00e4rf\u00f6r inavlar\/linjeavlar jag n\u00e4stan aldrig. Jag letar st\u00e4ndigt efter linjer som jag inte sj\u00e4lv har som kan kompletteras med mina egna tikar och g\u00f6ra n\u00e5got f\u00f6r rasen som helhet.<br><br>Idealiska mentaliteten p\u00e5 en svensk lapphund ska vara \u00f6ppen och tillgiven utan att vara vek. Vi har b\u00f6rjat MH-beskriva v\u00e5ra hundar f\u00f6r att dokumentera hur rasen och v\u00e5r egen avel ligger till. Detta \u00e4r i startgroparna men vi hoppas att inom rasen som helhet kunna puffa f\u00f6r \u00f6kat antal MH-beskrivningar av den svenska lapphunden.<\/p>\n\n\n\n<p>K\u00e4nnetecken f\u00f6r en hund fr\u00e5n oss \u00e4r att den \u00e4r trevlig och har utm\u00e4rkt exteri\u00f6r. Vi s\u00e4tter s\u00e4rskilt stor vikt vid rej\u00e4l benstomme, ej f\u00f6r mycket p\u00e4ls, rej\u00e4l storlek. Allt detta f\u00f6r att den ska kunna r\u00f6ra sig p\u00e5 ett utm\u00e4rkt s\u00e4tt och arbeta energisn\u00e5lt under h\u00e5rda f\u00f6rh\u00e5llanden som renvallare, den ursprungliga uppgiften f\u00f6r svensk lapphund. &#8220;Renlundare&#8221; har ocks\u00e5 den r\u00e4tta skallen. Bred, kort nos, v\u00e4l markerat stop, runda m\u00f6rka, uttrycksfulla \u00f6gon och sm\u00e5 \u00f6ron.<\/p>\n\n\n\n<p>Valparna s\u00e4ljs med stamtavla, sk\u00f6tsel- och matr\u00e5d, vaccinationsintyg, veterin\u00e4rbesiktningsintyg, \u00e4r avmaskade och ID-m\u00e4rkta samt dolda-fel-f\u00f6rs\u00e4krade.<\/p>\n","protected":false},"excerpt":{"rendered":"<p>Den svenska lapphunden \u00e4r en urgammal ras och anses vara Sveriges nationalras nr. 1. Den \u00e4r en trevlig s\u00e4llskapshund f\u00f6r de som gillar att&#8230;<\/p>\n","protected":false},"author":1,"featured_media":0,"parent":0,"menu_order":0,"comment_status":"closed","ping_status":"closed","template":"","meta":[],"_links":{"self":[{"href":"https:\/\/renlundens.se\/index.php?rest_route=\/wp\/v2\/pages\/8"}],"collection":[{"href":"https:\/\/renlundens.se\/index.php?rest_route=\/wp\/v2\/pages"}],"about":[{"href":"https:\/\/renlundens.se\/index.php?rest_route=\/wp\/v2\/types\/page"}],"author":[{"embeddable":true,"href":"https:\/\/renlundens.se\/index.php?rest_route=\/wp\/v2\/users\/1"}],"replies":[{"embeddable":true,"href":"https:\/\/renlundens.se\/index.php?rest_route=%2Fwp%2Fv2%2Fcomments&post=8"}],"version-history":[{"count":1,"href":"https:\/\/renlundens.se\/index.php?rest_route=\/wp\/v2\/pages\/8\/revisions"}],"predecessor-version":[{"id":9,"href":"https:\/\/renlundens.se\/index.php?rest_route=\/wp\/v2\/pages\/8\/revisions\/9"}],"wp:attachment":[{"href":"https:\/\/renlundens.se\/index.php?rest_route=%2Fwp%2Fv2%2Fmedia&parent=8"}],"curies":[{"name":"wp","href":"https:\/\/api.w.org\/{rel}","templated":true}]}}