{"id":25,"date":"2022-09-07T10:34:31","date_gmt":"2022-09-07T10:34:31","guid":{"rendered":"http:\/\/renlundens.se\/?page_id=25"},"modified":"2022-09-07T10:34:31","modified_gmt":"2022-09-07T10:34:31","slug":"posters-till-nya-rummen","status":"publish","type":"page","link":"https:\/\/renlundens.se\/?page_id=25","title":{"rendered":"Posters till nya rummen!"},"content":{"rendered":"\n<p>Hej igen!<\/p>\n\n\n\n<p>Nu var det ett tag sen jag skrev. H\u00e4r hemma g\u00e5r det bra med hundar och g\u00e5rd. Jag har f\u00f6rs\u00f6kt att ta mig ut i skogen p\u00e5 l\u00e5ngpromenader oftare med hundarna varje dag b\u00e5de f\u00f6r deras och min skull, ibland om jag har tur f\u00e5r jag med mig Petter ocks\u00e5.\u00a0<\/p>\n\n\n\n<p>Vi har jobbat mycket f\u00f6r att f\u00f6r\u00e4ndra boningshuset p\u00e5 senaste tiden.<\/p>\n\n\n\n<p>Det gamla kontoret var lite litet s\u00e5 t\u00e4nkte att det f\u00e5r bli n\u00e5got slags extrarum.\u00a0<\/p>\n\n\n\n<p>Har suttit en del p\u00e5 datorn och letat efter inspiration f\u00f6r inredning osv till de nya rummen.&nbsp;<\/p>\n\n\n\n<p>F\u00f6r kontoret ville jag sj\u00e4lvklart ha bilder p\u00e5 hundar och hittade en sida som heter <strong><a href=\"https:\/\/posteryard.se\/\">posteryard.se<\/a><\/strong>.\u00a0<\/p>\n\n\n\n<p>D\u00e4r fanns det massor av hundrelaterade posters av alla de sorter, foton, illustrationer- humoristiska, j\u00e4ttefina &#8211; sv\u00e5rt att v\u00e4lja s\u00e5 fick id\u00e9n att g\u00f6ra en tavelv\u00e4gg med flera olika motiv och sen en stor poster med olika hundraser p\u00e5. <\/p>\n\n\n\n<p>Nisse tyckte dock att det var lite mycket hundar s\u00e5 han fick v\u00e4lja ett motiv som det inte var hundar p\u00e5 &#8211; han valde ett motiv av en mysig dimmig skog, den var j\u00e4ttefin och passade in bra trots att det inte var hundar p\u00e5 =).\u00a0<\/p>\n\n\n\n<p>Till barn\/lekrummet s\u00e5 har jag best\u00e4llt en s\u00e5n ABC poster, dom \u00e4r b\u00e5de fina och roliga att ha n\u00e4r man tr\u00e4nar p\u00e5 alfabetet.&nbsp;<\/p>\n\n\n\n<p>Till det nya g\u00e4strummet har jag inte best\u00e4mt mig \u00e4nnu men jag har n\u00e5gra olika id\u00e9er om teman. &nbsp;<\/p>\n\n\n\n<p>Det ena \u00e4r n\u00e5got slags vintage tema med mustiga mysiga f\u00e4rger, fick inspirationen efter att ha tittat p\u00e5 vintageposters p\u00e5 posteryard.se.&nbsp;<\/p>\n\n\n\n<p>Mitt andra f\u00f6rslag \/ ide \u00e4r att ha ett skandinaviskt tema med mycket tr\u00e4 och naturmaterial, skinnf\u00e4llar och gr\u00f6na v\u00e4xter. Det fanns fina posters med foton p\u00e5 vacker skogsnatur jag tror skulle passa bra.&nbsp;<\/p>\n\n\n\n<p>Vad tror ni?<\/p>\n","protected":false},"excerpt":{"rendered":"<p>Hej igen! Nu var det ett tag sen jag skrev. H\u00e4r hemma g\u00e5r det bra med hundar och g\u00e5rd. Jag har f\u00f6rs\u00f6kt att ta&#8230;<\/p>\n","protected":false},"author":1,"featured_media":26,"parent":0,"menu_order":0,"comment_status":"closed","ping_status":"closed","template":"","meta":[],"_links":{"self":[{"href":"https:\/\/renlundens.se\/index.php?rest_route=\/wp\/v2\/pages\/25"}],"collection":[{"href":"https:\/\/renlundens.se\/index.php?rest_route=\/wp\/v2\/pages"}],"about":[{"href":"https:\/\/renlundens.se\/index.php?rest_route=\/wp\/v2\/types\/page"}],"author":[{"embeddable":true,"href":"https:\/\/renlundens.se\/index.php?rest_route=\/wp\/v2\/users\/1"}],"replies":[{"embeddable":true,"href":"https:\/\/renlundens.se\/index.php?rest_route=%2Fwp%2Fv2%2Fcomments&post=25"}],"version-history":[{"count":1,"href":"https:\/\/renlundens.se\/index.php?rest_route=\/wp\/v2\/pages\/25\/revisions"}],"predecessor-version":[{"id":27,"href":"https:\/\/renlundens.se\/index.php?rest_route=\/wp\/v2\/pages\/25\/revisions\/27"}],"wp:featuredmedia":[{"embeddable":true,"href":"https:\/\/renlundens.se\/index.php?rest_route=\/wp\/v2\/media\/26"}],"wp:attachment":[{"href":"https:\/\/renlundens.se\/index.php?rest_route=%2Fwp%2Fv2%2Fmedia&parent=25"}],"curies":[{"name":"wp","href":"https:\/\/api.w.org\/{rel}","templated":true}]}}