{"id":10,"date":"2019-09-23T10:09:16","date_gmt":"2019-09-23T10:09:16","guid":{"rendered":"http:\/\/renlundens.se\/?page_id=10"},"modified":"2019-09-23T10:09:16","modified_gmt":"2019-09-23T10:09:16","slug":"tidigare-kullar","status":"publish","type":"page","link":"https:\/\/renlundens.se\/?page_id=10","title":{"rendered":"Tidigare kullar"},"content":{"rendered":"\n<table class=\"wp-block-table\"><tbody><tr><td>\n<strong>F\u00f6dda: 1990<\/strong>\n<\/td><td>\n<br>\n<\/td><td>\n<br>\n<\/td><td>\n<br>\n<\/td><\/tr><tr><td>\nNamn:\n<\/td><td>\nHD\n<\/td><td>\n\u00d6ga\n<\/td><td>\nFinns i:\n<\/td><\/tr><tr><td>\n<br>\n<\/td><td>\n<br>\n<\/td><td>\n<br>\n<\/td><td>\n<br>\n<\/td><\/tr><tr><td>\nE. Norrviddens Herke\n<\/td><td>\n<br>\n<\/td><td>\n<br>\n<\/td><td>\n<br>\n<\/td><\/tr><tr><td>\nU. Such Raidis Birka\n<\/td><td>\n<br>\n<\/td><td>\n<br>\n<\/td><td>\n<br>\n<\/td><\/tr><tr><td>\n<a href=\"https:\/\/web.archive.org\/web\/20060616054819\/http:\/\/renlundens.se\/akullen.php\"><strong>Arja<\/strong><\/a>\n<\/td><td>\nUA\n<\/td><td>\n&#8211;\n<\/td><td>\nG\u00f6teborg\n<\/td><\/tr><tr><td> <strong>Adam<\/strong> <\/td><td>\n<br>\n<\/td><td>\n&#8211;\n<\/td><td>\nPite\u00e5\n<\/td><\/tr><tr><td> <strong>Adak<\/strong> <\/td><td>\n<br>\n<\/td><td>\n&#8211;\n<\/td><td>\nG\u00f6teborg\n<\/td><\/tr><tr><td> <strong>Ayla<\/strong> <\/td><td>\n<br>\n<\/td><td>\n&#8211;\n<\/td><td>\n\u00c4lvsbyn\n<\/td><\/tr><tr><td>\n<br>\n<\/td><td>\n<br>\n<\/td><td>\n<br>\n<\/td><td>\n<br>\n<\/td><\/tr><tr><td>\n<strong>F\u00f6dda: 1992<\/strong>\n<\/td><td>\n<br>\n<\/td><td>\n<br>\n<\/td><td>\n<br>\n<\/td><\/tr><tr><td>\nNamn:\n<\/td><td>\nHD\n<\/td><td>\n\u00d6ga\n<\/td><td>\nFinns i:\n<\/td><\/tr><tr><td>\n<br>\n<\/td><td>\n<br>\n<\/td><td>\n<br>\n<\/td><td>\n<br>\n<\/td><\/tr><tr><td>\nE. Intuch Norduch Raidis Halli\n<\/td><td>\n<br>\n<\/td><td>\n<br>\n<\/td><td>\n<br>\n<\/td><\/tr><tr><td>\nU. Such Raidis Birka\n<\/td><td>\n<br>\n<\/td><td>\n<br>\n<\/td><td>\n<br>\n<\/td><\/tr><tr><td> <strong>Rajmo Junior<\/strong> <\/td><td>\nUA\n<\/td><td>\n&#8211;\n<\/td><td>\nArvidsjaur\n<\/td><\/tr><tr><td> <strong>Rejvo<\/strong> <\/td><td>\n<br>\n<\/td><td>\n<br>\n<\/td><td>\nNorge\n<\/td><\/tr><tr><td>\n<br>\n<\/td><td>\n<br>\n<\/td><td>\n<br>\n<\/td><td>\n<br>\n<\/td><\/tr><tr><td>\n<br>\n<\/td><td>\n<br>\n<\/td><td>\n<br>\n<\/td><td>\n<br>\n<\/td><\/tr><tr><td>\n<br>\n<\/td><td>\n<br>\n<\/td><td>\n<br>\n<\/td><td>\n<br>\n<\/td><\/tr><tr><td>\n<strong>F\u00f6dda: 1994<\/strong>\n<\/td><td>\n<br>\n<\/td><td>\n<br>\n<\/td><td>\n<br>\n<\/td><\/tr><tr><td>\nNamn:\n<\/td><td>\nHD\n<\/td><td>\n\u00d6ga\n<\/td><td>\nFinns i:\n<\/td><\/tr><tr><td>\n<br>\n<\/td><td>\n<br>\n<\/td><td>\n<br>\n<\/td><td>\n<br>\n<\/td><\/tr><tr><td>\nE. H\u00c4rkes Hakko\n<\/td><td>\n<br>\n<\/td><td>\n<br>\n<\/td><td>\n<br>\n<\/td><\/tr><tr><td>\nU. Such Raidis Birka\n<\/td><td>\n<br>\n<\/td><td>\n<br>\n<\/td><td>\n<br>\n<\/td><\/tr><tr><td> <strong>Binna<\/strong> <\/td><td>\n<br>\n<\/td><td>\n&#8211;\n<\/td><td>\nLycksele\n<\/td><\/tr><tr><td> <strong>Beasti<\/strong> <\/td><td>\n<br>\n<\/td><td>\n&#8211;\n<\/td><td>\nPite\u00e5\n<\/td><\/tr><tr><td> <strong>Biellu<\/strong> <\/td><td>\nUA\n<\/td><td>\n&#8211;\n<\/td><td>\nLule\u00e5\n<\/td><\/tr><tr><td> <strong>Baste<\/strong> <\/td><td>\n<br>\n<\/td><td>\n&#8211;\n<\/td><td>\nJokkmokk\n<\/td><\/tr><tr><td>\n<br>\n<\/td><td>\n<br>\n<\/td><td>\n<br>\n<\/td><td>\n<br>\n<\/td><\/tr><tr><td>\n<strong>F\u00f6dda: 1995<\/strong>\n<\/td><td>\n<br>\n<\/td><td>\n<br>\n<\/td><td>\n<br>\n<\/td><\/tr><tr><td>\nNamn:\n<\/td><td>\nHD\n<\/td><td>\n\u00d6ga\n<\/td><td>\nFinns i:\n<\/td><\/tr><tr><td>\n<br>\n<\/td><td>\n<br>\n<\/td><td>\n<br>\n<\/td><td>\n<br>\n<\/td><\/tr><tr><td>\nE. Intuch Norduch Raidis Arro\n<\/td><td>\n<br>\n<\/td><td>\n<br>\n<\/td><td>\n<br>\n<\/td><\/tr><tr><td>\nU. Such Razza\n<\/td><td>\n<br>\n<\/td><td>\n<br>\n<\/td><td>\n<br>\n<\/td><\/tr><tr><td> <strong>Chejja<\/strong> <\/td><td>\nUA\n<\/td><td>\nKat \u00f6p 0208\n<\/td><td>\nHemma\n<\/td><\/tr><tr><td> <strong>Chivas<\/strong> <\/td><td>\nA\n<\/td><td>\n&#8211;\n<\/td><td>\n\u00d6stersund\n<\/td><\/tr><tr><td> <strong>Charlie<\/strong> <\/td><td>\nUA\n<\/td><td>\n&#8211;\n<\/td><td>\nKainulasj\u00e4rvi\n<\/td><\/tr><tr><td> <strong>Cesar<\/strong> <\/td><td>\nUA\n<\/td><td>\nua 0209\n<\/td><td>\nVidsel\n<\/td><\/tr><tr><td>\n<br>\n<\/td><td>\n<br>\n<\/td><td>\n<br>\n<\/td><td>\n<br>\n<\/td><\/tr><tr><td>\n<strong>F\u00f6dda: 1997<\/strong>\n<\/td><td>\n<br>\n<\/td><td>\n<br>\n<\/td><td>\n<br>\n<\/td><\/tr><tr><td>\nNamn:\n<\/td><td>\nHD\n<\/td><td>\n\u00d6ga\n<\/td><td>\nFinns i:\n<\/td><\/tr><tr><td>\n<br>\n<\/td><td>\n<br>\n<\/td><td>\n<br>\n<\/td><td>\n<br>\n<\/td><\/tr><tr><td>\nE. Such Lappnallens Ludde\n<\/td><td>\n<br>\n<\/td><td>\n<br>\n<\/td><td>\n<br>\n<\/td><\/tr><tr><td>\nU. Such Razza\n<\/td><td>\n<br>\n<\/td><td>\n<br>\n<\/td><td>\n<br>\n<\/td><\/tr><tr><td> <strong>Darfi<\/strong> <\/td><td>\nA\n<\/td><td>\n&#8211;\n<\/td><td>\nKalix\n<\/td><\/tr><tr><td> <strong>Dirjak<\/strong> <\/td><td>\nA\n<\/td><td>\n&#8211;\n<\/td><td>\nPite\u00e5\n<\/td><\/tr><tr><td> <strong>Doaivu<\/strong> <\/td><td>\nUA\n<\/td><td>\n&#8211;\n<\/td><td>\nT\u00e4by\n<\/td><\/tr><tr><td>\n<br>\n<\/td><td>\n<br>\n<\/td><td>\n<br>\n<\/td><td>\n<br>\n<\/td><\/tr><tr><td>\n<br>\n<\/td><td>\n<br>\n<\/td><td>\n<br>\n<\/td><td>\n<br>\n<\/td><\/tr><tr><td>\n<strong>F\u00f6dda: 1998<\/strong>\n<\/td><td>\n<br>\n<\/td><td>\n<br>\n<\/td><td>\n<br>\n<\/td><\/tr><tr><td>\nNamn:\n<\/td><td>\nHD\n<\/td><td>\n\u00d6ga\n<\/td><td>\nFinns i:\n<\/td><\/tr><tr><td>\n<br>\n<\/td><td>\n<br>\n<\/td><td>\n<br>\n<\/td><td>\n<br>\n<\/td><\/tr><tr><td>\nE. Therons Troy\n<\/td><td>\n<br>\n<\/td><td>\n<br>\n<\/td><td>\n<br>\n<\/td><\/tr><tr><td>\nU. Such Nuch Renlundens Chejja\n<\/td><td>\n<br>\n<\/td><td>\n<br>\n<\/td><td>\n<br>\n<\/td><\/tr><tr><td> <strong>Eammi<\/strong> <\/td><td>\nA\n<\/td><td>\nua 0302\n<\/td><td>\nBoliden\n<\/td><\/tr><tr><td> <strong>Eana<\/strong> <\/td><td>\nA\n<\/td><td>\n&#8211;\n<\/td><td>\nHudiksvall\n<\/td><\/tr><tr><td> <strong>Eambbo<\/strong> <\/td><td>\nA\n<\/td><td>\n&#8211;\n<\/td><td>\nLule\u00e5\n<\/td><\/tr><tr><td> <strong>Eahkki<\/strong> <\/td><td>\nA\n<\/td><td>\n&#8211;\n<\/td><td>\nBoden\n<\/td><\/tr><tr><td>\n<br>\n<\/td><td>\n<br>\n<\/td><td>\n<br>\n<\/td><td>\n<br>\n<\/td><\/tr><tr><td>\n<strong>F\u00f6dda: 1998<\/strong>\n<\/td><td>\n<br>\n<\/td><td>\n<br>\n<\/td><td>\n<br>\n<\/td><\/tr><tr><td>\nNamn:\n<\/td><td>\nHD\n<\/td><td>\n\u00d6ga\n<\/td><td>\nFinns i:\n<\/td><\/tr><tr><td>\n<br>\n<\/td><td>\n<br>\n<\/td><td>\n<br>\n<\/td><td>\n<br>\n<\/td><\/tr><tr><td>\nE. Sn\u00f6stj\u00e4rnans Jokk\n<\/td><td>\n<br>\n<\/td><td>\n<br>\n<\/td><td>\n<br>\n<\/td><\/tr><tr><td>\nU. Such Nuch Renlundens Chejja\n<\/td><td>\n<br>\n<\/td><td>\n<br>\n<\/td><td>\n<br>\n<\/td><\/tr><tr><td> <strong>Faggi<\/strong> <\/td><td>\nA\n<\/td><td>\nua 0412\n<\/td><td>\nPite\u00e5\n<\/td><\/tr><tr><td> <strong>Favru<\/strong> <\/td><td>\nA\n<\/td><td>\n&#8211;\n<\/td><td>\nNiemisel\n<\/td><\/tr><tr><td> <strong>Famolas<\/strong> <\/td><td>\nA\n<\/td><td>\n&#8211;\n<\/td><td>\nSollefte\u00e5\n<\/td><\/tr><tr><td>\n<br>\n<\/td><td>\n<br>\n<\/td><td>\n<br>\n<\/td><td>\n<br>\n<\/td><\/tr><tr><td>\n<br>\n<\/td><td>\n<br>\n<\/td><td>\n<br>\n<\/td><td>\n<br>\n<\/td><\/tr><tr><td>\n<strong>F\u00f6dda: 1999<\/strong>\n<\/td><td>\n<br>\n<\/td><td>\n<br>\n<\/td><td>\n<br>\n<\/td><\/tr><tr><td>\nNamn:\n<\/td><td>\nHD\n<\/td><td>\n\u00d6ga\n<\/td><td>\nFinns i:\n<\/td><\/tr><tr><td>\n<br>\n<\/td><td>\n<br>\n<\/td><td>\n<br>\n<\/td><td>\n<br>\n<\/td><\/tr><tr><td>\nE. Norduch Raidis Halli\n<\/td><td>\n<br>\n<\/td><td>\n<br>\n<\/td><td>\n<br>\n<\/td><\/tr><tr><td>\nU. Such Razza\n<\/td><td>\n<br>\n<\/td><td>\n<br>\n<\/td><td>\n<br>\n<\/td><\/tr><tr><td> <strong>Golli<\/strong> <\/td><td>\nA\n<\/td><td>\nua 0411\n<\/td><td>\n\u00d6sterv\u00e5la\n<\/td><\/tr><tr><td> <strong>Gaia<\/strong> <\/td><td>\nA\n<\/td><td>\nua 0411\n<\/td><td>\nHemma\n<\/td><\/tr><tr><td> <strong>Gielas<\/strong> <\/td><td>\nA\n<\/td><td>\n&#8211;\n<\/td><td>\n\u00d6stersund\n<\/td><\/tr><tr><td> <strong>Garro<\/strong> <\/td><td>\nA\n<\/td><td>\nua\n<\/td><td>\nFinland\n<\/td><\/tr><tr><td>\n<br>\n<\/td><td>\n<br>\n<\/td><td>\n<br>\n<\/td><td>\n<br>\n<\/td><\/tr><tr><td>\n<strong>F\u00f6dda: 2000<\/strong>\n<\/td><td>\n<br>\n<\/td><td>\n<br>\n<\/td><td>\n<br>\n<\/td><\/tr><tr><td>\nNamn:\n<\/td><td>\nHD\n<\/td><td>\n\u00d6ga\n<\/td><td>\nFinns i:\n<\/td><\/tr><tr><td>\n<br>\n<\/td><td>\n<br>\n<\/td><td>\n<br>\n<\/td><td>\n<br>\n<\/td><\/tr><tr><td>\nE. Such Nuch H\u00e4rkes Morji\n<\/td><td>\n<br>\n<\/td><td>\n<br>\n<\/td><td>\n<br>\n<\/td><\/tr><tr><td>\nU. Such Razza\n<\/td><td>\n<br>\n<\/td><td>\n<br>\n<\/td><td>\n<br>\n<\/td><\/tr><tr><td> <strong>Hirko<\/strong> <\/td><td>\nA\n<\/td><td>\n&#8211;\n<\/td><td>\nPite\u00e5\n<\/td><\/tr><tr><td> <strong>Halli<\/strong> <\/td><td>\nA\n<\/td><td>\nua 0502\n<\/td><td>\nMorj\u00e4rv\n<\/td><\/tr><tr><td> <strong>Heika<\/strong> <\/td><td>\n<br>\n<\/td><td>\n&#8211;\n<\/td><td>\nSoppero\n<\/td><\/tr><tr><td> <strong>Hua<\/strong> <\/td><td>\nB\n<\/td><td>\n&#8211;\n<\/td><td>\nNorge\n<\/td><\/tr><tr><td> <strong>Hurri<\/strong> <\/td><td>\nC\n<\/td><td>\n&#8211;\n<\/td><td>\nArvidsjaur\n<\/td><\/tr><tr><td>\n<br>\n<\/td><td>\n<br>\n<\/td><td>\n<br>\n<\/td><td>\n<br>\n<\/td><\/tr><tr><td>\n<strong>F\u00f6dda: 2001<\/strong>\n<\/td><td>\n<br>\n<\/td><td>\n<br>\n<\/td><td>\n<br>\n<\/td><\/tr><tr><td>\nNamn:\n<\/td><td>\nHD\n<\/td><td>\n\u00d6ga\n<\/td><td>\nFinns i:\n<\/td><\/tr><tr><td>\n<br>\n<\/td><td>\n<br>\n<\/td><td>\n<br>\n<\/td><td>\n<br>\n<\/td><\/tr><tr><td>\nE. Renfanans Biellu\n<\/td><td>\n<br>\n<\/td><td>\n<br>\n<\/td><td>\n<br>\n<\/td><\/tr><tr><td>\nU. Renlundens Eammi\n<\/td><td>\n<br>\n<\/td><td>\n<br>\n<\/td><td>\n<br>\n<\/td><\/tr><tr><td> <strong>Imi<\/strong> <\/td><td>\nA\n<\/td><td>\n&#8211;\n<\/td><td>\nNorge\n<\/td><\/tr><tr><td> <strong>Inka<\/strong> <\/td><td>\nA\n<\/td><td>\nua 0503\n<\/td><td>\nSk\u00e5ne\n<\/td><\/tr><tr><td> <strong>Indy<\/strong> <\/td><td>\nC\n<\/td><td>\n&#8211;\n<\/td><td>\nArvidsjaur\n<\/td><\/tr><tr><td> <strong>Ihkku<\/strong> <\/td><td>\nA\n<\/td><td>\n&#8211;\n<\/td><td>\nUme\u00e5\n<\/td><\/tr><tr><td>\n<br>\n<\/td><td>\n<br>\n<\/td><td>\n<br>\n<\/td><td>\n<br>\n<\/td><\/tr><tr><td>\n<strong>F\u00f6dda: 2001<\/strong>\n<\/td><td>\n<br>\n<\/td><td>\n<br>\n<\/td><td>\n<br>\n<\/td><\/tr><tr><td>\nNamn:\n<\/td><td>\nHD\n<\/td><td>\n\u00d6ga\n<\/td><td>\nFinns i:\n<\/td><\/tr><tr><td>\n<br>\n<\/td><td>\n<br>\n<\/td><td>\n<br>\n<\/td><td>\n<br>\n<\/td><\/tr><tr><td>\nE.&nbsp;Little Honeys Apmas of Akkos Son\n<\/td><td>\n<br>\n<\/td><td>\n<br>\n<\/td><td>\n<br>\n<\/td><\/tr><tr><td>\nU. Such Renlundens Gaia\n<\/td><td>\n<br>\n<\/td><td>\n<br>\n<\/td><td>\n<br>\n<\/td><\/tr><tr><td> <strong>J\u00e4nta<\/strong> <\/td><td>\nB\n<\/td><td>\nua 0407\n<\/td><td>\nLillpite\n<\/td><\/tr><tr><td> <strong>J\u00e5iva<\/strong> <\/td><td>\nA\n<\/td><td>\nua 0303\n<\/td><td>\nV\u00e4nn\u00e4s\n<\/td><\/tr><tr><td> <strong>Jauri<\/strong> <\/td><td>\nA\n<\/td><td>\n&#8211;\n<\/td><td>\nKalix\n<\/td><\/tr><tr><td> <strong>J-Slurfi<\/strong> <\/td><td>\nB\n<\/td><td>\n&#8211;\n<\/td><td>\nKiruna\n<\/td><\/tr><tr><td>\n<br>\n<\/td><td>\n<br>\n<\/td><td>\n<br>\n<\/td><td>\n<br>\n<\/td><\/tr><tr><td>\n<strong>F\u00f6dda: 2001<\/strong>\n<\/td><td>\n<br>\n<\/td><td>\n<br>\n<\/td><td>\n<br>\n<\/td><\/tr><tr><td>\nNamn:\n<\/td><td>\nHD\n<\/td><td>\n\u00d6ga\n<\/td><td>\nFinns i:\n<\/td><\/tr><tr><td>\n<br>\n<\/td><td>\n<br>\n<\/td><td>\n<br>\n<\/td><td>\n<br>\n<\/td><\/tr><tr><td>\nE. Such Raidis Muste\n<\/td><td>\n<br>\n<\/td><td>\n<br>\n<\/td><td>\n<br>\n<\/td><\/tr><tr><td>\nU. Renlundens Faggi\n<\/td><td>\n<br>\n<\/td><td>\n<br>\n<\/td><td>\n<br>\n<\/td><\/tr><tr><td> <strong>Kirak<\/strong> <\/td><td>\nA\n<\/td><td>\n&#8211;\n<\/td><td>\nUme\u00e5\n<\/td><\/tr><tr><td>\n<br>\n<\/td><td>\n<br>\n<\/td><td>\n<br>\n<\/td><td>\n<br>\n<\/td><\/tr><tr><td>\n<br>\n<\/td><td>\n<br>\n<\/td><td>\n<br>\n<\/td><td>\n<br>\n<\/td><\/tr><tr><td>\n<br>\n<\/td><td>\n<br>\n<\/td><td>\n<br>\n<\/td><td>\n<br>\n<\/td><\/tr><tr><td>\n<strong>F\u00f6dda: 2002<\/strong>\n<\/td><td>\n<br>\n<\/td><td>\n<br>\n<\/td><td>\n<br>\n<\/td><\/tr><tr><td>\nNamn:\n<\/td><td>\nHD\n<\/td><td>\n\u00d6ga\n<\/td><td>\nFinns i:\n<\/td><\/tr><tr><td>\n<br>\n<\/td><td>\n<br>\n<\/td><td>\n<br>\n<\/td><td>\n<br>\n<\/td><\/tr><tr><td>\nE. Intuch Norrviddens Nikko\n<\/td><td>\n<br>\n<\/td><td>\n<br>\n<\/td><td>\n<br>\n<\/td><\/tr><tr><td>\nU. Such Renlundens Gaia\n<\/td><td>\n<br>\n<\/td><td>\n<br>\n<\/td><td>\n<br>\n<\/td><\/tr><tr><td> <strong>Lasso<\/strong> <\/td><td>\nC-D\n<\/td><td>\n&#8211;\n<\/td><td>\nAlvesta\n<\/td><\/tr><tr><td> <strong>Luomek<\/strong> <\/td><td>\nA\n<\/td><td>\n&#8211;\n<\/td><td>\nStockholm\n<\/td><\/tr><tr><td> <strong>Lorri<\/strong> <\/td><td>\nA\n<\/td><td>\n&#8211;\n<\/td><td>\nLycksele\n<\/td><\/tr><tr><td> <strong>Lapp-Sappo<\/strong> <\/td><td>\nB\n<\/td><td>\n&#8211;\n<\/td><td>\nFinland\n<\/td><\/tr><tr><td> <strong>Laisa<\/strong> <\/td><td>\nB\n<\/td><td>\n&#8211;\n<\/td><td>\nKiruna\n<\/td><\/tr><tr><td>\n<br>\n<\/td><td>\n<br>\n<\/td><td>\n<br>\n<\/td><td>\n<br>\n<\/td><\/tr><tr><td>\n<strong>F\u00f6dda: 2002<\/strong>\n<\/td><td>\n<br>\n<\/td><td>\n<br>\n<\/td><td>\n<br>\n<\/td><\/tr><tr><td>\nNamn:\n<\/td><td>\nHD\n<\/td><td>\n\u00d6ga\n<\/td><td>\nFinns i:\n<\/td><\/tr><tr><td>\n<br>\n<\/td><td>\n<br>\n<\/td><td>\n<br>\n<\/td><td>\n<br>\n<\/td><\/tr><tr><td>\nE. Intuch Raidis Halli\n<\/td><td>\n<br>\n<\/td><td>\n<br>\n<\/td><td>\n<br>\n<\/td><\/tr><tr><td>\nU. Renlundens Hua\n<\/td><td>\n<br>\n<\/td><td>\n<br>\n<\/td><td>\n<br>\n<\/td><\/tr><tr><td> <strong>Mustie<\/strong> <\/td><td>\nA\n<\/td><td>\n&#8211;\n<\/td><td>\nKlagstorp\n<\/td><\/tr><tr><td> <strong>Minna<\/strong> <\/td><td>\nB\n<\/td><td>\n&#8211;\n<\/td><td>\nArjeplog\n<\/td><\/tr><tr><td> <strong>Modji<\/strong> <\/td><td>\nB\n<\/td><td>\n&#8211;\n<\/td><td>\nS\u00f6dert\u00e4lje\n<\/td><\/tr><tr><td> <strong>Muddus<\/strong> <\/td><td>\nB\n<\/td><td>\nua 0603\n<\/td><td>\nLudvika\n<\/td><\/tr><tr><td>\n<br>\n<\/td><td>\n<br>\n<\/td><td>\n<br>\n<\/td><td>\n<br>\n<\/td><\/tr><tr><td>\n<strong>F\u00f6dda: 2003<\/strong>\n<\/td><td>\n<br>\n<\/td><td>\n<br>\n<\/td><td>\n<br>\n<\/td><\/tr><tr><td>\nNamn:\n<\/td><td>\nHD\n<\/td><td>\n\u00d6ga\n<\/td><td>\nFinns i:\n<\/td><\/tr><tr><td>\n<br>\n<\/td><td>\n<br>\n<\/td><td>\n<br>\n<\/td><td>\n<br>\n<\/td><\/tr><tr><td>\nE. Intuch Raidis Halli\n<\/td><td>\n<br>\n<\/td><td>\n<br>\n<\/td><td>\n<br>\n<\/td><\/tr><tr><td>\nU. Such Istappens Stina\n<\/td><td>\n<br>\n<\/td><td>\n<br>\n<\/td><td>\n<br>\n<\/td><\/tr><tr><td> <strong>Lilla Nilla<\/strong> <\/td><td>\nA\n<\/td><td>\n&#8211;\n<\/td><td>\nUme\u00e5\n<\/td><\/tr><tr><td> <strong>Nimbus<\/strong> <\/td><td>\nA\n<\/td><td>\nua 0501\n<\/td><td>\nUppsala\n<\/td><\/tr><tr><td> <strong>Nilak<\/strong> <\/td><td>\nB\n<\/td><td>\n&#8211;\n<\/td><td>\nLule\u00e5\n<\/td><\/tr><tr><td>\n<br>\n<\/td><td>\n<br>\n<\/td><td>\n<br>\n<\/td><td>\n<br>\n<\/td><\/tr><tr><td>\n<strong>F\u00f6dda: 2003<\/strong>\n<\/td><td>\n<br>\n<\/td><td>\n<br>\n<\/td><td>\n<br>\n<\/td><\/tr><tr><td>\nNamn:\n<\/td><td>\nHD\n<\/td><td>\n\u00d6ga\n<\/td><td>\nFinns i:\n<\/td><\/tr><tr><td>\n<br>\n<\/td><td>\n<br>\n<\/td><td>\n<br>\n<\/td><td>\n<br>\n<\/td><\/tr><tr><td>\nE. Such Nuch Norrviddens Cavek\n<\/td><td>\n<br>\n<\/td><td>\n<br>\n<\/td><td>\n<br>\n<\/td><\/tr><tr><td>\nU. Such Renlundens Gaia\n<\/td><td>\n<br>\n<\/td><td>\n<br>\n<\/td><td>\n<br>\n<\/td><\/tr><tr><td> <strong>Oddas<\/strong> <\/td><td>\nB-C\n<\/td><td>\n&#8211;\n<\/td><td>\nStockholm\n<\/td><\/tr><tr><td> <strong>Omar<\/strong> <\/td><td>\nA\n<\/td><td>\n&#8211;\n<\/td><td>\nFinland\n<\/td><\/tr><tr><td> <strong>Orjek<\/strong> <\/td><td>\nB\n<\/td><td>\n&#8211;\n<\/td><td>\nNorge\n<\/td><\/tr><tr><td> <strong>Orvokki<\/strong> <\/td><td>\nB\n<\/td><td>\nua 0602\n<\/td><td>\nKalix\n<\/td><\/tr><tr><td> <strong>Olly<\/strong> <\/td><td>\nA\n<\/td><td>\n&#8211;\n<\/td><td>\nNorge\n<\/td><\/tr><tr><td>\n<br>\n<\/td><td>\n<br>\n<\/td><td>\n<br>\n<\/td><td>\n<br>\n<\/td><\/tr><tr><td>\n<strong>F\u00f6dda: 2004<\/strong>\n<\/td><td>\n<br>\n<\/td><td>\n<br>\n<\/td><td>\n<br>\n<\/td><\/tr><tr><td>\nNamn:\n<\/td><td>\nHD\n<\/td><td>\n\u00d6ga\n<\/td><td>\nFinns i:\n<\/td><\/tr><tr><td>\n<br>\n<\/td><td>\n<br>\n<\/td><td>\n<br>\n<\/td><td>\n<br>\n<\/td><\/tr><tr><td>\nE. Such Renlundens Cesar\n<\/td><td>\n<br>\n<\/td><td>\n<br>\n<\/td><td>\n<br>\n<\/td><\/tr><tr><td>\nU. H\u00e4rkes Akki\n<\/td><td>\n<br>\n<\/td><td>\n<br>\n<\/td><td>\n<br>\n<\/td><\/tr><tr><td> <strong>Pippi L<\/strong> <\/td><td>\nA\n<\/td><td>\n&#8211;\n<\/td><td>\nMalmberget\n<\/td><\/tr><tr><td> <strong>Pinglan<\/strong> <\/td><td>\nB-C\n<\/td><td>\nua 0510\n<\/td><td>\nBoliden\n<\/td><\/tr><tr><td> <strong>Porjus<\/strong> <\/td><td>\nC\n<\/td><td>\n&#8211;\n<\/td><td>\nBj\u00e4rred\n<\/td><\/tr><tr><td> <strong>Pjesker<\/strong> <\/td><td>\nA\n<\/td><td>\n&#8211;\n<\/td><td>\n\u00d6jebyn\n<\/td><\/tr><tr><td>\n<br>\n<\/td><td>\n<br>\n<\/td><td>\n<br>\n<\/td><td>\n<br>\n<\/td><\/tr><tr><td>\n<strong>F\u00f6dda: 2004<\/strong>\n<\/td><td>\n<br>\n<\/td><td>\n<br>\n<\/td><td>\n<br>\n<\/td><\/tr><tr><td>\nNamn:\n<\/td><td>\nHD\n<\/td><td>\n\u00d6ga\n<\/td><td>\nFinns i:\n<\/td><\/tr><tr><td>\n<br>\n<\/td><td>\n<br>\n<\/td><td>\n<br>\n<\/td><td>\n<br>\n<\/td><\/tr><tr><td>\nE. Trollklintens Alexander\n<\/td><td>\n<br>\n<\/td><td>\n<br>\n<\/td><td>\n<br>\n<\/td><\/tr><tr><td>\nU. Such Istappens Stina\n<\/td><td>\n<br>\n<\/td><td>\n<br>\n<\/td><td>\n<br>\n<\/td><\/tr><tr><td> <strong>Qickan<\/strong> <\/td><td>\nB\n<\/td><td>\nua 0604\n<\/td><td>\nH\u00f6\u00f6r\n<\/td><\/tr><tr><td> <strong>Q\u00e4isa<\/strong> <\/td><td>\nA\n<\/td><td>\n&#8211;\n<\/td><td>\nKalix\n<\/td><\/tr><tr><td>\n<br>\n<\/td><td>\n<br>\n<\/td><td>\n<br>\n<\/td><td>\n<br>\n<\/td><\/tr><tr><td>\n<br>\n<\/td><td>\n<br>\n<\/td><td>\n<br>\n<\/td><td>\n<br>\n<\/td><\/tr><tr><td>\n<br>\n<\/td><td>\n<br>\n<\/td><td>\n<br>\n<\/td><td>\n<br>\n<\/td><\/tr><tr><td>\n<br>\n<\/td><td>\n<br>\n<\/td><td>\n<br>\n<\/td><td>\n<br>\n<\/td><\/tr><tr><td>\n<strong>F\u00f6dda: 2005<\/strong>\n<\/td><td>\n<br>\n<\/td><td>\n<br>\n<\/td><td>\n<br>\n<\/td><\/tr><tr><td>\nNamn:\n<\/td><td>\nHD\n<\/td><td>\n\u00d6ga\n<\/td><td>\nFinns i:\n<\/td><\/tr><tr><td>\n<br>\n<\/td><td>\n<br>\n<\/td><td>\n<br>\n<\/td><td>\n<br>\n<\/td><\/tr><tr><td>\nE. Hercules\n<\/td><td>\n<br>\n<\/td><td>\n<br>\n<\/td><td>\n<br>\n<\/td><\/tr><tr><td>\nU. Such Renlundens Gaia\n<\/td><td>\n<br>\n<\/td><td>\n<br>\n<\/td><td>\n<br>\n<\/td><\/tr><tr><td> <strong>Svarta Ullis<\/strong> <\/td><td>\nB\n<\/td><td>\n&#8211;\n<\/td><td>\nHemma\n<\/td><\/tr><tr><td> <strong>Stalo<\/strong> <\/td><td>\nC\n<\/td><td>\n&#8211;\n<\/td><td>\nJ\u00f6rn\n<\/td><\/tr><tr><td> <strong>Sk\u00e1ldi<\/strong> <\/td><td>\n<br>\n<\/td><td>\n&#8211;\n<\/td><td>\nMorj\u00e4rv\n<\/td><\/tr><tr><td>\n<br>\n<\/td><td>\n<br>\n<\/td><td>\n<br>\n<\/td><td>\n<br>\n<\/td><\/tr><tr><td>\n<br>\n<\/td><td>\n<br>\n<\/td><td>\n<br>\n<\/td><td>\n<br>\n<\/td><\/tr><tr><td>\n<br>\n<\/td><td>\n<br>\n<\/td><td>\n<br>\n<\/td><td>\n<br>\n<\/td><\/tr><tr><td>\n<strong>F\u00f6dda: 2005<\/strong>\n<\/td><td>\n<br>\n<\/td><td>\n<br>\n<\/td><td>\n<br>\n<\/td><\/tr><tr><td>\nNamn:\n<\/td><td>\nHD\n<\/td><td>\n\u00d6ga\n<\/td><td>\nFinns i:\n<\/td><\/tr><tr><td>\nE. Norrviddens Cavek\nU. Renlundens Faggi\n<\/td><td>\n<br>\n<\/td><td>\n<br>\n<\/td><td>\n<br>\n<\/td><\/tr><tr><td>\nE. Norrviddens Cavek\n<\/td><td>\n<br>\n<\/td><td>\n<br>\n<\/td><td>\n<br>\n<\/td><\/tr><tr><td>\nU. Renlundens Faggi\n<\/td><td>\n<br>\n<\/td><td>\n<br>\n<\/td><td>\n<br>\n<\/td><\/tr><tr><td> <strong>Tarras<\/strong> <\/td><td>\n<br>\n<\/td><td>\n<br>\n<\/td><td>\nPite\u00e5\n<\/td><\/tr><tr><td>\n<br>\n<\/td><td>\n<br>\n<\/td><td>\n<br>\n<\/td><td>\n<br>\n<\/td><\/tr><tr><td>\n<br>\n<\/td><td>\n<br>\n<\/td><td>\n<br>\n<\/td><td>\n<br>\n<\/td><\/tr><tr><td>\n<br>\n<\/td><td>\n<br>\n<\/td><td>\n<br>\n<\/td><td>\n<br>\n<\/td><\/tr><tr><td>\n<br>\n<\/td><td>\n<br>\n<\/td><td>\n<br>\n<\/td><td>\n<br>\n<\/td><\/tr><tr><td>\n<br>\n<\/td><td>\n<br>\n<\/td><td>\n<br>\n<\/td><td>\n<br>\n<\/td><\/tr><tr><td>\n<strong>F\u00f6dda: 2005<\/strong>\n<\/td><td>\n<br>\n<\/td><td>\n<br>\n<\/td><td>\n<br>\n<\/td><\/tr><tr><td>\nNamn:\n<\/td><td>\nHD\n<\/td><td>\n\u00d6ga\n<\/td><td>\nFinns i:\n<\/td><\/tr><tr><td>\n<br>\n<\/td><td>\n<br>\n<\/td><td>\n<br>\n<\/td><td>\n<br>\n<\/td><\/tr><tr><td>\nE. Argos\n<\/td><td>\n<br>\n<\/td><td>\n<br>\n<\/td><td>\n<br>\n<\/td><\/tr><tr><td>\nU. H\u00e4rkes Akki\n<\/td><td>\n<br>\n<\/td><td>\n<br>\n<\/td><td>\n<br>\n<\/td><\/tr><tr><td> <strong>Unique<\/strong> <\/td><td>\n<br>\n<\/td><td>\n&#8211;\n<\/td><td>\nSlovenien\n<\/td><\/tr><tr><td> <strong>Undra<\/strong> <\/td><td>\n<br>\n<\/td><td>\n&#8211;\n<\/td><td>\nHovmantorp\n<\/td><\/tr><tr><td> <strong>Unni<\/strong> <\/td><td>\n<br>\n<\/td><td>\n&#8211;\n<\/td><td>\nUppsala\n<\/td><\/tr><tr><td> <strong>Uno<\/strong> <\/td><td>\n<br>\n<\/td><td>\n&#8211;\n<\/td><td>\nLycksele\n<\/td><\/tr><tr><td> <strong>Ulrik<\/strong> <\/td><td>\n<br>\n<\/td><td>\n&#8211;\n<\/td><td>\nLidhult\n<\/td><\/tr><tr><td>\n<br>\n<\/td><td>\n<br>\n<\/td><td>\n<br>\n<\/td><td>\n<br>\n<\/td><\/tr><tr><td>\n<strong>F\u00f6dda: 2005<\/strong>\n<\/td><td>\n<br>\n<\/td><td>\n<br>\n<\/td><td>\n<br>\n<\/td><\/tr><tr><td>\nNamn:\n<\/td><td>\nHD\n<\/td><td>\n\u00d6ga\n<\/td><td>\nFinns i:\n<\/td><\/tr><tr><td>\n<br>\n<\/td><td>\n<br>\n<\/td><td>\n<br>\n<\/td><td>\n<br>\n<\/td><\/tr><tr><td> <strong>Catrin Renlund<\/strong> <\/td><td>\n<br>\n<\/td><td>\n<br>\n<\/td><td>\n<br>\n<\/td><\/tr><tr><td>\nE. Bj\u00f6rnbodas Tellas\n<\/td><td>\n<br>\n<\/td><td>\n<br>\n<\/td><td>\n<br>\n<\/td><\/tr><tr><td>\nU. H\u00e4rkes Akki\n<\/td><td>\n<br>\n<\/td><td>\n<br>\n<\/td><td>\n<br>\n<\/td><\/tr><tr><td> <strong>Vierok<\/strong> <\/td><td>\n<br>\n<\/td><td>\n&#8211;\n<\/td><td>\nKarlstad\n<\/td><\/tr><tr><td> <strong>Vaito<\/strong> <\/td><td>\n<br>\n<\/td><td>\n&#8211;\n<\/td><td>\nHemma\n<\/td><\/tr><tr><td> <strong>Vuoitas<\/strong> <\/td><td>\n<br>\n<\/td><td>\n&#8211;\n<\/td><td>\nRobertsfors\n<\/td><\/tr><tr><td> <strong>Voj-Voj<\/strong> <\/td><td>\n<br>\n<\/td><td>\n&#8211;\n<\/td><td>\nAltersbruk\n<\/td><\/tr><tr><td> <strong>Vajtti<\/strong> <\/td><td>\n<br>\n<\/td><td>\n&#8211;\n<\/td><td>\nErsn\u00e4s\n<\/td><\/tr><tr><td> <strong>Vilja<\/strong> <\/td><td>\n<br>\n<\/td><td>\n&#8211;\n<\/td><td>\nSkellefte\u00e5\n<\/td><\/tr><tr><td>\n<br>\n<\/td><td>\n<br>\n<\/td><td>\n<br>\n<\/td><td>\n<br>\n<\/td><\/tr><tr><td><\/td><td>\n<br>\n<\/td><td>\n<br>\n<\/td><td>\n<br>\n<\/td><\/tr><\/tbody><\/table>\n","protected":false},"excerpt":{"rendered":"<p>F\u00f6dda: 1990 Namn: HD \u00d6ga Finns i: E. Norrviddens Herke U. Such Raidis Birka Arja UA &#8211; G\u00f6teborg Adam &#8211; Pite\u00e5 Adak &#8211; G\u00f6teborg&#8230;<\/p>\n","protected":false},"author":1,"featured_media":0,"parent":0,"menu_order":0,"comment_status":"closed","ping_status":"closed","template":"","meta":[],"_links":{"self":[{"href":"https:\/\/renlundens.se\/index.php?rest_route=\/wp\/v2\/pages\/10"}],"collection":[{"href":"https:\/\/renlundens.se\/index.php?rest_route=\/wp\/v2\/pages"}],"about":[{"href":"https:\/\/renlundens.se\/index.php?rest_route=\/wp\/v2\/types\/page"}],"author":[{"embeddable":true,"href":"https:\/\/renlundens.se\/index.php?rest_route=\/wp\/v2\/users\/1"}],"replies":[{"embeddable":true,"href":"https:\/\/renlundens.se\/index.php?rest_route=%2Fwp%2Fv2%2Fcomments&post=10"}],"version-history":[{"count":1,"href":"https:\/\/renlundens.se\/index.php?rest_route=\/wp\/v2\/pages\/10\/revisions"}],"predecessor-version":[{"id":11,"href":"https:\/\/renlundens.se\/index.php?rest_route=\/wp\/v2\/pages\/10\/revisions\/11"}],"wp:attachment":[{"href":"https:\/\/renlundens.se\/index.php?rest_route=%2Fwp%2Fv2%2Fmedia&parent=10"}],"curies":[{"name":"wp","href":"https:\/\/api.w.org\/{rel}","templated":true}]}}